{"id":3,"date":"2023-10-17T14:04:06","date_gmt":"2023-10-17T14:04:06","guid":{"rendered":"http:\/\/myradio.sviluppo.host\/?page_id=3"},"modified":"2024-01-26T15:58:22","modified_gmt":"2024-01-26T15:58:22","slug":"privacy-policy","status":"publish","type":"page","link":"https:\/\/radioinshop.com\/en\/privacy-policy\/","title":{"rendered":"Privacy Policy"},"content":{"rendered":"<div data-elementor-type=\"wp-page\" data-elementor-id=\"3\" class=\"elementor elementor-3\">\n\t\t\t\t<div class=\"elementor-element elementor-element-12409f6 e-flex e-con-boxed e-con e-parent\" data-id=\"12409f6\" data-element_type=\"container\" data-e-type=\"container\">\n\t\t\t\t\t<div class=\"e-con-inner\">\n\t\t\t\t<div class=\"elementor-element elementor-element-a68cdd6 elementor-widget elementor-widget-spacer\" data-id=\"a68cdd6\" data-element_type=\"widget\" data-e-type=\"widget\" data-widget_type=\"spacer.default\">\n\t\t\t\t<div class=\"elementor-widget-container\">\n\t\t\t\t\t\t\t<div class=\"elementor-spacer\">\n\t\t\t<div class=\"elementor-spacer-inner\"><\/div>\n\t\t<\/div>\n\t\t\t\t\t\t<\/div>\n\t\t\t\t<\/div>\n\t\t\t\t\t<\/div>\n\t\t\t\t<\/div>\n\t\t<div class=\"elementor-element elementor-element-15a0204d e-flex e-con-boxed e-con e-parent\" data-id=\"15a0204d\" data-element_type=\"container\" data-e-type=\"container\">\n\t\t\t\t\t<div class=\"e-con-inner\">\n\t\t\t\t<div class=\"elementor-element elementor-element-3913fd5a elementor-widget elementor-widget-text-editor\" data-id=\"3913fd5a\" data-element_type=\"widget\" data-e-type=\"widget\" data-widget_type=\"text-editor.default\">\n\t\t\t\t<div class=\"elementor-widget-container\">\n\t\t\t\t\t\t\t\t\t\n<p>Informativa resa ai sensi dell\u2019art. 13 del Regolamento UE 2016\/679 (per brevit\u00e0 Regolamento) \u2013 agli utenti che accedono al sito www.radioinshop.com<\/p>\n\n\n\n<p>Con la presente policy\u00a0<strong>\u00a0YOUR EVOLUTION SRLS<\/strong> titolare del marchio e sito web\u00a0www.radioinshop.com intende informare gli utenti visitatori del sito Web \u201cwww.radioinshop.com\u201d (di seguito il \u201cSito\u201d) della politica adottata in materia di Protezione dei dati personali, sottolineando il proprio impegno ed attenzione con riferimento alla tutela della privacy dei visitatori del Sito. La preghiamo di leggere attentamente la nostra Privacy Policy che si applica sia nel caso lei acceda al sito web e decida semplicemente di navigare al suo interno utilizzando i nostri servizi, senza acquistare alcun prodotto, sia nel caso decida di effettuare degli acquisti.<\/p>\n\n\n\n<p>La navigazione all\u2019interno del Sito \u00e8 libera e non richiede registrazione alcuna, con eccezione di alcune aree in cui l\u2019utente pu\u00f2 liberamente ed espressamente fornire una serie di dati che lo riguardano per accedere a servizi specificamente individuati (es. per poter procedere con gli acquisti, iscriversi alla newsletter o richiedere informazioni, ecc.).<\/p>\n\n\n\n<p>Laddove pertanto il visitatore intenda fornire i propri dati personali per accedere a tali ulteriori servizi, esso sar\u00e0 espressamente informato ai sensi del D. Lgs. 30 giugno 2003, n. 196, \u201cCodice in materia di protezione dei dati personali\u201d, (il \u201cCodice\u201d) e del Regolamento UE 679\/2016 \u201cRegolamento generale sulla protezione dei dati\u201d (il \u201cRegolamento\u201d) con indicazione (a titolo esemplificativo) delle finalit\u00e0 e modalit\u00e0 di utilizzo dei dati da parte di Radioinshop, nonch\u00e9 del diritto di richiedere in ogni momento la cancellazione dei dati o l\u2019aggiornamento degli stessi. Ogni riferimento al Codice contenuto nella Privacy Policy, e nel Sito in generale, deve intendersi valido ed efficace nei limiti e nella misura in cui le norme richiamate resteranno in vigore successivamente all\u2019entrata in vigore del Regolamento (25 maggio 2018).<\/p>\n\n\n\n<p>Il sito web non \u00e8 destinato all\u2019uso da parte di bambini di et\u00e0 inferiore ai sedici anni, a cui \u00e8 vietato inoltre di creare un account o di fornire in altro modo le proprie informazioni personali.<\/p>\n\n\n\n<p>Ai sensi e per gli effetti del Codice e del Regolamento,\u00a0<strong>YOUR EVOLUTION SRLS<\/strong>\u00a0 fornisce le seguenti informazioni.<\/p>\n\n\n\n<h2 class=\"wp-block-heading\"><strong>Il Titolare e Responsabili del Trattamento<\/strong><\/h2>\n\n\n\n<p>Il Titolare del trattamento dei dati personali \u00e8\u00a0<strong>YOUR EVOLUTION SRLS<\/strong>, con sede in VIA UGENTO 60 \u2013 73055 Racale (LE), P.IVA 05167610756, Reg. Imp di LECCE, e-mail info@radioinshop.com<\/p>\n\n\n\n<h2 class=\"wp-block-heading\"><strong>1. OGGETTO DEL TRATTAMENTO<\/strong><\/h2>\n\n\n\n<p>Il Titolare tratta i dati personali, identificativi (ad esempio, nome, cognome, ragione sociale, indirizzo, telefono, e-mail, riferimenti bancari e di pagamento) in seguito, \u201cdati personali\u201d o anche \u201cdati\u201d, da Lei comunicati in occasione della conclusione di contratti per i servizi del Titolare.<\/p>\n\n\n\n<h2 class=\"wp-block-heading\"><strong>2. FINALITA\u2019<\/strong><\/h2>\n\n\n\n<p>I Suoi dati personali sono trattati: A) senza il Suo consenso espresso (art. 24 lett. a), b), c) Codice Privacy e art. 6 lett. b), e) GDPR), per le seguenti finalita\u2019 di servizio: \u2013 concludere i contratti per i servizi del Titolare; \u2013 adempiere agli obblighi precontrattuali, contrattuali e fiscali derivanti da rapporti con Lei in essere; \u2013 adempiere agli obblighi previsti dalla legge, da un regolamento, dalla normativa comunitaria o da un ordine dell\u2019Autorita\u2019 (come ad esempio in materia di antiriciclaggio); \u2013 esercitare i diritti del Titolare, ad esempio il diritto di difesa in giudizio; B) solo previo Suo specifico e distinto consenso (artt. 23 e 130 Codice Privacy e art. 7 GDPR), per le seguenti finalita\u2019 di marketing: \u2013 inviarLe via e-mail, posta e\/o sms e\/o contatti telefonici, newsletter, comunicazioni commerciali e\/o materiale pubblicitario su prodotti o servizi offerti dal Titolare e rilevazione del grado di soddisfazione sulla qualita\u2019 dei servizi; \u2013 inviarLe via e-mail, posta e\/o sms e\/o contatti telefonici comunicazioni commerciali e\/o promozionali di soggetti terzi. Le segnaliamo che se siete gia\u2019 nostri clienti, potremo inviarLe comunicazioni commerciali relative a servizi e prodotti del Titolare analoghi a quelli di cui ha gia\u2019 usufruito, salvo Suo dissenso (art. 130 c. 4 Codice Privacy).<\/p>\n\n\n\n<p>Per accedere al Sito non \u00e8 necessario procedere ad alcuna registrazione. Esistono tuttavia all\u2019interno del Sito delle sezioni che richiedono una registrazione o l\u2019utilizzo di username e password (ad es. per registrarsi all\u2019area personale, o completare il processo di acquisto on- line), oppure dei servizi per il cui utilizzo \u00e8 necessario fornire i propri dati (ad es. i suoi dati potranno essere richiesti per accedere ai servizi di newsletter, per contattarci, ecc.).<\/p>\n\n\n\n<p>Qualora YOUR EVOLUTION SRLS\u00a0 acquisisca informazioni e dati personali informer\u00e0 preventivamente gli utenti delle finalit\u00e0 per cui tali dati sono richiesti e delle modalit\u00e0 con cui saranno utilizzati. Ove necessario, Radioinshop provveder\u00e0 ad acquisire il consenso specifico dell\u2019utente al relativo utilizzo dei dati. A titolo esemplificativo, potranno essere richiesti dati personali quali nome e cognome, numero di telefono, l\u2019indirizzo di posta elettronica ed altre informazioni che l\u2019utente accetta di fornire per utilizzare i servizi del Sito attraverso la compilazione di uno specifico modulo di registrazione (es. per accedere all\u2019area riservata del Sito). Radioinshop utilizzer\u00e0 i dati personali raccolti on-line ai soli fini indicati in sede di registrazione.<\/p>\n\n\n\n<p><em>Newsletter e comunicazioni commerciali<\/em><\/p>\n\n\n\n<p>L\u2019utente pu\u00f2 scegliere volontariamente di ricevere newsletter e comunicazioni commerciali. Il sito chiede un consenso esplicito e libero prima di intraprendere iniziative promozionali di questo tipo e pu\u00f2 chiedere all\u2019utente informazioni aggiuntive in modo da creare comunicazioni personalizzate e pi\u00f9 pertinenti. L\u2019utente pu\u00f2 sempre facilmente revocare il suo consenso che \u00e8 la base giuridica di questo trattamento (art. 6.1.a del Regolamento).<\/p>\n\n\n\n<p><em>Ordini commerciali<\/em><\/p>\n\n\n\n<p>In caso di ordine, Radioinshop chiede all\u2019utente di fornire dati personali allo scopo essenziale di erogare il servizio o il bene acquistato, compresa anche la fase di post-vendita (es. tracciamento della consegna, servizi di assistenza, customer satisfaction) e le attivit\u00e0 di prevenzione di frodi ed utilizzi indebiti del sito. La base giuridica del trattamento \u00e8 l\u2019adempimento delle obbligazioni contrattuali (art. 6.1.b del Regolamento). Per i pagamenti, il sito si avvale di fornitori terzi e non conserva informazioni bancarie appartenenti all\u2019utente. Il titolare del trattamento non ha alcun controllo sul fornitore di tale tipo di servizio e l\u2019utente deve quindi fare riferimento alla privacy policy e ai termini di servizio di tale provider.<\/p>\n\n\n\n<p><em>Profilazione<\/em><\/p>\n\n\n\n<p>La finalit\u00e0 di profilazione \u00e8 quella di proporre prodotti, servizi e iniziative pi\u00f9 adeguate alle preferenze, alle abitudini e agli interessi degli utenti. I dati personali possono essere utilizzati per finalit\u00e0 di remarketing, retargeting o profilazione anche tramite terze parti (ad es. social network). Per quanto riguarda gli utenti del sito \u00e8 nell\u2019interesse legittimo del sito trattare dati personali per offrire servizi pi\u00f9 interessanti e personalizzati migliorando le prestazioni del sito stesso.<\/p>\n\n\n\n<p><em>Minori<\/em><\/p>\n\n\n\n<p>Il sito invita i genitori e tutti coloro che vigilano sui minori a istruirli su come trattare i dati personali su internet in modo sicuro e responsabile. I minori non devono trasmettere dati personali al sito senza il consenso dei loro genitori. Il sito si impegna a non raccogliere intenzionalmente i dati personali di minori, a non utilizzarli in alcun modo e a non comunicarli a terzi.<\/p>\n\n\n\n<h2 class=\"wp-block-heading\"><strong>3. MODALITA\u2019, DURATA DEL TRATTAMENTO DEI DATI ED AMBITO DI COMUNICAZIONE<\/strong><\/h2>\n\n\n\n<p>Il trattamento dei Suoi dati personali e\u2019 realizzato per mezzo delle operazioni indicate all\u2019art. 4 Codice Privacy e all\u2019art. 4 n. 2) GDPR e precisamente: \u2013 raccolta, registrazione, organizzazione, conservazione, consultazione, elaborazione, modificazione, selezione, estrazione, raffronto, utilizzo, interconnessione, blocco, comunicazione, cancellazione e distruzione dei dati. I Suoi dati personali sono sottoposti a trattamento sia cartaceo che elettronico e\/o automatizzato. Il Titolare trattera\u2019 i dati personali per il tempo necessario per adempiere alle finalita\u2019 di cui sopra e comunque per non oltre 10 anni dalla cessazione del rapporto per le finalita\u2019 di servizio e per non oltre 2 anni dalla raccolta dei dati per le finalita\u2019 di marketing.<\/p>\n\n\n\n<h2 class=\"wp-block-heading\"><strong>4. ACCESSO AI DATI<\/strong><\/h2>\n\n\n\n<p>I Suoi dati potranno essere resi accessibili per le finalita\u2019 di cui all\u2019art. 2.A) e 2.B): \u2013 a dipendenti e collaboratori del Titolare e all\u2019estero, nella loro qualita\u2019 di incaricati e\/o responsabili interni del trattamento e\/o amministratori di sistema; \u2013 a societa\u2019 terze o altri soggetti (a titolo indicativo, istituti di credito, studi professionali, ecc) che svolgono attivita\u2019 in outsourcing per conto del Titolare, nella loro qualita\u2019 di responsabili esterni del trattamento. I dati potranno essere trattati sia su supporto elettronico, che cartaceo (ad es. per la gestione degli acquisti sul Sito). Radioinshop garantisce il trattamento lecito e secondo correttezza dei dati personali forniti attraverso il Sito, nel pieno rispetto della normativa vigente, nonch\u00e9 la massima riservatezza dei dati forniti in sede di registrazione. Tutte le informazioni raccolte sono trasmesse in connessione protetta in modo da impedirne l\u2019intercettazione da parte di estranei.<\/p>\n\n\n\n<p>I dati eventualmente forniti dagli utenti saranno trattati per i tempi previsti nelle specifiche informative fornite al momento della raccolta dei dati.<\/p>\n\n\n\n<p>Per quanto riguarda ai tempi di conservazione dei dati rilevati mediante l\u2019utilizzo di strumenti di profilazione (es. cookies), si veda la nostra Cookie Policy.<\/p>\n\n\n\n<p>I dati non saranno comunicati o diffusi a terzi se non nei limiti ed alle condizioni espressamente indicate nell\u2019informativa di volta in volta fornita all\u2019utente e previa autorizzazione da parte dello stesso.<\/p>\n\n\n\n<h2 class=\"wp-block-heading\"><strong>5. COMUNICAZIONI DEI DATI<\/strong><\/h2>\n\n\n\n<p>Senza la necessita\u2019 di un espresso consenso (ex art. 24 lett. a), b), d) Codice Privacy e art. 6 lett. b) e c) GDPR), il Titolare potra\u2019 comunicare i Suoi dati per le finalita\u2019 di cui all\u2019art. 2.A) a Organismi di vigilanza, Autorita\u2019 giudiziarie, nonche\u2019 a quei soggetti ai quali la comunicazione sia obbligatoria per legge per l\u2019espletamento delle finalita\u2019 dette. Detti soggetti tratteranno i dati nella loro qualita\u2019 di autonomi titolari del trattamento. I Suoi dati non saranno diffusi.<\/p>\n\n\n\n<p>Il titolare pu\u00f2 trasferire i dati personali dell\u2019utente a soggetti terzi qualificati come data processors o responsabili del trattamento dei dati per svolgere operazioni tecniche o commerciali necessarie ad eseguire le prestazioni collegate alla migliore gestione del sito (ad esempio corrieri e operatori postali; agenzie di pubblicit\u00e0, commerciali e di social media; fornitori di servizi informatici; fornitori di servizi di pagamento; fornitori di servizi di assistenza clienti). In tali casi la comunicazione dei dati \u00e8 indispensabile per soddisfare gli impegni contrattuali e per migliorare le prestazioni del sito. Il titolare si impegna tramite accordi per il trattamento dei dati affinch\u00e9 i responsabili gestiscano i dati in modo adeguato e sicuro.<\/p>\n\n\n\n<p>L\u2019utente pu\u00f2 richiedere l\u2019elenco dei responsabili usando l\u2019e-mail del titolare del trattamento. Inoltre, il titolare pu\u00f2 essere tenuto a condividere i dati personali dell\u2019utente quando richiesto dalla legge o da un ordine della pubblica autorit\u00e0 o per tutelare un proprio diritto o un diritto di terze parti.<\/p>\n\n\n\n<p><em>Siti di terze parti<\/em><\/p>\n\n\n\n<p>Questa informativa non riguarda altri siti o piattaforme a cui il sito possa collegarsi (es. banner, messaggi pubblicitari e altri collegamenti a siti o piattaforme di terze parti) a cui si invita a fare riferimento leggendo le relative Cookie Policy.<\/p>\n\n\n\n<h2 class=\"wp-block-heading\"><strong>6. TRASFERIMENTO DATI<\/strong><\/h2>\n\n\n\n<p>I dati personali sono conservati presso la sede del Titolare, all\u2019interno dell\u2019Unione Europea. Resta in ogni caso inteso che il Titolare, ove si rendesse necessario, avra\u2019 facolta\u2019 di spostare i server anche extra-UE. In tal caso, il Titolare assicura sin d\u2019ora che il trasferimento dei dati extra-UE avverra\u2019 in conformita\u2019 alle disposizioni di legge applicabili, previa stipula delle clausole contrattuali standard previste dalla Commissione Europea.<\/p>\n\n\n\n<p>I trattamenti connessi ai servizi forniti dal Sito sono svolti presso la sede di\u00a0<strong>YOUR EVOLUTION SRLS<\/strong>\u00a0indicata al punto 1 che precede e sono svolti dagli incaricati del trattamento della Direzione Marketing, nonch\u00e9 delle societ\u00e0 che forniscono servizi funzionali alla gestione del Sito, nominate quali responsabili esterni del trattamento.<\/p>\n\n\n\n<h2 class=\"wp-block-heading\"><strong>7. NATURA DEL CONFERIMENTO DEI DATI E CONSEGUENZE DEL RIFIUTO A RISPONDERE<\/strong><\/h2>\n\n\n\n<p>Il conferimento dei dati per le finalita\u2019 di cui all\u2019art. 2.A) e\u2019 obbligatorio. In loro assenza, non potremo garantirLe i Servizi dell\u2019art. 2.A). Il conferimento dei dati per le finalita\u2019 di cui all\u2019art. 2.B) e\u2019 invece facoltativo. Puo\u2019 quindi decidere di non conferire alcun dato o di negare successivamente la possibilita\u2019 di trattare dati gia\u2019 forniti: in tal caso, non potra\u2019 ricevere newsletter, comunicazioni commerciali e materiale pubblicitario inerenti ai Servizi offerti dal Titolare. Continuera\u2019 comunque ad avere diritto ai Servizi di cui all\u2019art. 2.A). Mediante comunicazione da inviarsi all\u2019indirizzo e-mail<strong>\u00a0info@radioinshop<\/strong>.<strong>com<\/strong>\u00a0lei potr\u00e0 in ogni momento esercitare i diritti di cui agli artt. da 15 a 23 del Regolamento, tra cui conoscere quali dati stiamo trattando, con quali modalit\u00e0 e per quali finalit\u00e0 li utilizziamo, modificare i dati che ci ha fornito o cancellarli, chiederci di limitare l\u2019uso dei suoi dati, richiedere di ricevere o trasmettere i suoi dati, ferma restando sempre la possibilit\u00e0 di cambiare i suoi consensi (eventualmente forniti). Pu\u00f2 inoltre sempre opporsi al trattamento dei suoi dati effettuato, in particolare, per finalit\u00e0 di marketing o analisi delle sue preferenze.<\/p>\n\n\n\n<h2 class=\"wp-block-heading\"><strong>8. DIRITTI DELL\u2019INTERESSATO<\/strong><\/h2>\n\n\n\n<p>Nella Sua qualita\u2019 di interessato, ha i diritti di cui all\u2019art. 7 Codice Privacy e art. 15 GDPR e precisamente i diritti di: \u2013 ottenere la conferma dell\u2019esistenza o meno di dati personali che La riguardano, anche se non ancora registrati, e la loro comunicazione in forma intelligibile; \u2013 ottenere l\u2019indicazione dell\u2019origine dei dati personali, delle finalita\u2019 e modalita\u2019 del trattamento e della logica applicata in caso di trattamento effettuato con l\u2019ausilio di strumenti elettronici nonche\u2019 degli estremi identificativi del titolare, dei responsabili e del rappresentante designato ai sensi dell\u2019art. 5, comma 2 Codice Privacy e art. 3, comma 1, GDPR; \u2013 ottenere l\u2019aggiornamento, la rettificazione ovvero, quando vi ha interesse, l\u2019integrazione dei dati; la cancellazione, la trasformazione in forma anonima o il blocco dei dati trattati in violazione di legge, compresi quelli di cui non e\u2019 necessaria la conservazione in relazione agli scopi per i quali i dati sono stati raccolti o successivamente trattati; \u2013 ove applicabili, ha altresi i diritti di cui agli artt. 16-21 GDPR (Diritto di rettifica, diritto all\u2019oblio, diritto di limitazione di trattamento, diritto alla portabilita\u2019 dei dati, diritto di opposizione), nonche\u2019 il diritto di reclamo all\u2019Autorita\u2019 Garante. Ai sensi dell\u2019art. 13 comma 2 e all\u2019art. 14 comma 2 GDPR ha il diritto di conoscere: \u2013 il periodo di conservazione dei Suoi dati personali \u2013 di chiedere al titolare del trattamento l\u2019accesso ai dati personali e la rettifica o la cancellazione degli stessi o la limitazione del trattamento che La riguardano o di opporsi al loro trattamento, oltre al diritto alla portabilita\u2019 dei dati; Limitatamente ai dati personali non acquisiti presso la Sua sede, ha il diritto: \u2013 di proporre reclamo a un\u2019autorita\u2019 di controllo; \u2013 di conoscere la fonte da cui hanno origine i Suoi dati personali e, se del caso, l\u2019eventualita\u2019 che i dati provengano da fonti accessibili al pubblico; \u2013 di sapere se esiste un processo decisionale automatizzato, compresa la profilazione di cui all\u2019articolo 22, paragrafi 1 e 4 GDPR, e, almeno in tali casi, informazioni significative sulla logica utilizzata, nonche\u2019 l\u2019importanza e le conseguenze previste di tale trattamento per la sua persona.<\/p>\n\n\n\n<h2 class=\"wp-block-heading\"><strong>9. MODALITA\u2019 DI ESERCIZIO DEI DIRITTI<\/strong><\/h2>\n\n\n\n<p>Potra\u2019 in qualsiasi momento esercitare i diritti inviando:<\/p>\n\n\n\n<p>raccomandata a.r. a:\u00a0<strong>YOUR EVOLUTION SRLS<\/strong><\/p>\n\n\n\n<p>VIA UGENTO 60 \u2013 73055 Racale (LE), una e-mail all\u2019indirizzo:\u00a0info@radioinshop.com<\/p>\n\n\n\n<h2 class=\"wp-block-heading\"><strong>10. TITOLARE, RESPONSABILI E INCARICATI<\/strong><\/h2>\n\n\n\n<p>Il Titolare del trattamento e\u2019:<\/p>\n\n\n\n<p><strong>YOUR EVOLUTION SRLS<\/strong><\/p>\n\n\n\n<p>VIA UGENTO 60 \u2013 73055 Racale (LE)<\/p>\n\n\n\n<p>Responsabile DPO\u00a0<strong>YOUR EVOLUTION SRLS<\/strong><\/p>\n\n\n\n<p>L\u2019elenco aggiornato dei responsabili e degli incaricati al trattamento e\u2019 custodito presso la sede legale del Titolare del trattamento. Radioinshop si riserva di rivedere, modificare o semplicemente aggiornare, in tutto o in parte, a propria esclusiva discrezione, in qualsiasi modo e\/o in qualsiasi momento, senza preavviso, la presente Privacy Policy anche in considerazione di modifiche di norme di legge o di regolamento in materia di protezione dei dati personali. Le modifiche e gli aggiornamenti della Privacy Policy saranno notificati agli utenti mediante invio di e-mail agli utenti registrati al Sito e pubblicazione nella Home Page del Sito, e saranno vincolanti non appena pubblicati e comunicati. Vi preghiamo pertanto di accedere con regolarit\u00e0 a questa sezione per verificare la pubblicazione della pi\u00f9 recente ed aggiornata Privacy Policy o di controllare la vostra casella di posta elettronica.<\/p>\n\t\t\t\t\t\t\t\t<\/div>\n\t\t\t\t<\/div>\n\t\t\t\t\t<\/div>\n\t\t\t\t<\/div>\n\t\t\t\t<\/div>","protected":false},"excerpt":{"rendered":"<p>Informativa resa ai sensi dell\u2019art. 13 del Regolamento UE 2016\/679 (per brevit\u00e0 Regolamento) \u2013 agli utenti che accedono al sito www.radioinshop.com Con la presente policy\u00a0\u00a0YOUR EVOLUTION SRLS titolare del marchio e sito web\u00a0www.radioinshop.com intende informare gli utenti visitatori del sito Web \u201cwww.radioinshop.com\u201d (di seguito il \u201cSito\u201d) della politica adottata in materia di Protezione dei dati [&hellip;]<\/p>\n","protected":false},"author":1,"featured_media":0,"parent":0,"menu_order":0,"comment_status":"closed","ping_status":"open","template":"","meta":{"h5ap_radio_sources":[],"footnotes":""},"class_list":["post-3","page","type-page","status-publish","hentry"],"_links":{"self":[{"href":"https:\/\/radioinshop.com\/en\/wp-json\/wp\/v2\/pages\/3","targetHints":{"allow":["GET"]}}],"collection":[{"href":"https:\/\/radioinshop.com\/en\/wp-json\/wp\/v2\/pages"}],"about":[{"href":"https:\/\/radioinshop.com\/en\/wp-json\/wp\/v2\/types\/page"}],"author":[{"embeddable":true,"href":"https:\/\/radioinshop.com\/en\/wp-json\/wp\/v2\/users\/1"}],"replies":[{"embeddable":true,"href":"https:\/\/radioinshop.com\/en\/wp-json\/wp\/v2\/comments?post=3"}],"version-history":[{"count":0,"href":"https:\/\/radioinshop.com\/en\/wp-json\/wp\/v2\/pages\/3\/revisions"}],"wp:attachment":[{"href":"https:\/\/radioinshop.com\/en\/wp-json\/wp\/v2\/media?parent=3"}],"curies":[{"name":"wp","href":"https:\/\/api.w.org\/{rel}","templated":true}]}}